{"id":6186,"date":"2016-12-22T01:57:10","date_gmt":"2016-12-21T23:57:10","guid":{"rendered":"http:\/\/www.ilkkimbuldu.com\/?page_id=6186"},"modified":"2018-02-07T05:02:10","modified_gmt":"2018-02-07T03:02:10","slug":"hakkimizda","status":"publish","type":"page","link":"https:\/\/www.ilkkimbuldu.com\/?page_id=6186","title":{"rendered":"Hakk\u0131m\u0131zda"},"content":{"rendered":"<p>www.ilkkimbuldu.com interet sitesi 2010 y\u0131l\u0131nda yay\u0131na girmi\u015ftir. Siteyi haz\u0131rlarken amac\u0131m\u0131z T\u00fcrkiye&#8217;de ara\u015ft\u0131rma ve bilgi edinme olgusuna katk\u0131da bulunmak, \u00f6ncelikle e\u011fitim kurumlar\u0131nda \u00f6renim g\u00f6ren \u00f6\u011frencilerimize, daha sonra ise t\u00fcm herkese icatlar ve bulu\u015flar, mucitler, ilkleri ba\u015faranlar ve tarihe y\u00f6n veren \u00f6nemli ki\u015filer hakk\u0131nda bilgi vermektir. 2010 y\u0131l\u0131ndan bu zamana kadar, farkl\u0131 uzmanl\u0131k bilgisine sahip, yazma, okuma ve anlama yetilerine sahip ekibimizle, milyonlarca ki\u015fiye merak ettikleri konular ile ilgili do\u011fru bilgiyi vermeye \u00e7al\u0131\u015f\u0131yoruz.<\/p>\n<p>www.ilkkimbuldu.com internet sitesi ve i\u00e7eri\u011finde yer alan bilgiler bu g\u00fcne kadar bir \u00e7ok kitaba ve vikipedi dahil internet sitesine kaynak olmu\u015ftur. Kaynak g\u00f6stererek sitemizden bilgi alanlara te\u015fekk\u00fcr ediyoruz.<\/p>\n<p>Sayg\u0131lar\u0131m\u0131zla.<\/p>\n<p>&nbsp;<\/p>\n","protected":false},"excerpt":{"rendered":"<p>www.ilkkimbuldu.com interet sitesi 2010 y\u0131l\u0131nda yay\u0131na girmi\u015ftir. Siteyi haz\u0131rlarken amac\u0131m\u0131z T\u00fcrkiye&#8217;de ara\u015ft\u0131rma ve bilgi edinme olgusuna katk\u0131da bulunmak, \u00f6ncelikle e\u011fitim kurumlar\u0131nda \u00f6renim g\u00f6ren \u00f6\u011frencilerimize, daha sonra ise t\u00fcm herkese icatlar&#8230;<\/p>\n","protected":false},"author":1,"featured_media":0,"parent":0,"menu_order":0,"comment_status":"closed","ping_status":"closed","template":"","meta":{"footnotes":""},"class_list":["post-6186","page","type-page","status-publish","hentry"],"_links":{"self":[{"href":"https:\/\/www.ilkkimbuldu.com\/index.php?rest_route=\/wp\/v2\/pages\/6186"}],"collection":[{"href":"https:\/\/www.ilkkimbuldu.com\/index.php?rest_route=\/wp\/v2\/pages"}],"about":[{"href":"https:\/\/www.ilkkimbuldu.com\/index.php?rest_route=\/wp\/v2\/types\/page"}],"author":[{"embeddable":true,"href":"https:\/\/www.ilkkimbuldu.com\/index.php?rest_route=\/wp\/v2\/users\/1"}],"replies":[{"embeddable":true,"href":"https:\/\/www.ilkkimbuldu.com\/index.php?rest_route=%2Fwp%2Fv2%2Fcomments&post=6186"}],"version-history":[{"count":3,"href":"https:\/\/www.ilkkimbuldu.com\/index.php?rest_route=\/wp\/v2\/pages\/6186\/revisions"}],"predecessor-version":[{"id":8868,"href":"https:\/\/www.ilkkimbuldu.com\/index.php?rest_route=\/wp\/v2\/pages\/6186\/revisions\/8868"}],"wp:attachment":[{"href":"https:\/\/www.ilkkimbuldu.com\/index.php?rest_route=%2Fwp%2Fv2%2Fmedia&parent=6186"}],"curies":[{"name":"wp","href":"https:\/\/api.w.org\/{rel}","templated":true}]}}