{"id":6188,"date":"2016-12-22T01:59:44","date_gmt":"2016-12-21T23:59:44","guid":{"rendered":"http:\/\/www.ilkkimbuldu.com\/?page_id=6188"},"modified":"2016-12-22T01:59:44","modified_gmt":"2016-12-21T23:59:44","slug":"reklam-olanaklari","status":"publish","type":"page","link":"https:\/\/www.ilkkimbuldu.com\/?page_id=6188","title":{"rendered":"Reklam Olanaklar\u0131"},"content":{"rendered":"<p>www.ilkkimbuldu.com internet sitesine reklam vermek istiyorsan\u0131z l\u00fctfen bizimle ileti\u015fime ge\u00e7iniz.<\/p>\n","protected":false},"excerpt":{"rendered":"<p>www.ilkkimbuldu.com internet sitesine reklam vermek istiyorsan\u0131z l\u00fctfen bizimle ileti\u015fime ge\u00e7iniz.<\/p>\n","protected":false},"author":1,"featured_media":0,"parent":0,"menu_order":0,"comment_status":"closed","ping_status":"closed","template":"","meta":{"footnotes":""},"class_list":["post-6188","page","type-page","status-publish","hentry"],"_links":{"self":[{"href":"https:\/\/www.ilkkimbuldu.com\/index.php?rest_route=\/wp\/v2\/pages\/6188"}],"collection":[{"href":"https:\/\/www.ilkkimbuldu.com\/index.php?rest_route=\/wp\/v2\/pages"}],"about":[{"href":"https:\/\/www.ilkkimbuldu.com\/index.php?rest_route=\/wp\/v2\/types\/page"}],"author":[{"embeddable":true,"href":"https:\/\/www.ilkkimbuldu.com\/index.php?rest_route=\/wp\/v2\/users\/1"}],"replies":[{"embeddable":true,"href":"https:\/\/www.ilkkimbuldu.com\/index.php?rest_route=%2Fwp%2Fv2%2Fcomments&post=6188"}],"version-history":[{"count":1,"href":"https:\/\/www.ilkkimbuldu.com\/index.php?rest_route=\/wp\/v2\/pages\/6188\/revisions"}],"predecessor-version":[{"id":6189,"href":"https:\/\/www.ilkkimbuldu.com\/index.php?rest_route=\/wp\/v2\/pages\/6188\/revisions\/6189"}],"wp:attachment":[{"href":"https:\/\/www.ilkkimbuldu.com\/index.php?rest_route=%2Fwp%2Fv2%2Fmedia&parent=6188"}],"curies":[{"name":"wp","href":"https:\/\/api.w.org\/{rel}","templated":true}]}}